{"id":2244,"date":"2023-11-02T16:59:36","date_gmt":"2023-11-02T16:59:36","guid":{"rendered":"https:\/\/www.maiaimpact.org\/monthly-giving-program\/"},"modified":"2024-08-02T00:20:53","modified_gmt":"2024-08-02T00:20:53","slug":"programa-de-donaciones-recurrentes","status":"publish","type":"page","link":"https:\/\/www.maiaimpact.org\/es\/programa-de-donaciones-recurrentes\/","title":{"rendered":"Programa de donaciones recurrentes"},"content":{"rendered":"\t\t<div data-elementor-type=\"wp-page\" data-elementor-id=\"2244\" class=\"elementor elementor-2244 elementor-407\" data-elementor-post-type=\"page\">\n\t\t\t\t<div class=\"elementor-element elementor-element-75b1010 e-con-full e-flex e-con e-parent\" data-id=\"75b1010\" data-element_type=\"container\" data-e-type=\"container\">\n\t\t\t\t<div class=\"elementor-element elementor-element-5acd33a elementor-widget__width-initial elementor-widget-mobile__width-inherit elementor-widget elementor-widget-heading\" data-id=\"5acd33a\" data-element_type=\"widget\" data-e-type=\"widget\" data-widget_type=\"heading.default\">\n\t\t\t\t<div class=\"elementor-widget-container\">\n\t\t\t\t\t<h1 class=\"elementor-heading-title elementor-size-default\">PROGRAMA DE DONACI\u00d3N RECURRENTE<\/h1>\t\t\t\t<\/div>\n\t\t\t\t<\/div>\n\t\t\t\t<\/div>\n\t\t<div class=\"elementor-element elementor-element-4965a4b e-flex e-con-boxed e-con e-parent\" data-id=\"4965a4b\" data-element_type=\"container\" data-e-type=\"container\">\n\t\t\t\t\t<div class=\"e-con-inner\">\n\t\t\t\t<div class=\"elementor-element elementor-element-be3f4cb elementor-widget elementor-widget-text-editor\" data-id=\"be3f4cb\" data-element_type=\"widget\" data-e-type=\"widget\" data-widget_type=\"text-editor.default\">\n\t\t\t\t<div class=\"elementor-widget-container\">\n\t\t\t\t\t\t\t\t\t<p>Convi\u00e9rtete en un Aliado para la Educaci\u00f3n de las j\u00f3venes mujeres Ind\u00edgenas a trav\u00e9s de Alianza, nuestro programa de donaciones recurrentes. Al hacerlo, <b style=\"color: #e7004e;\">tendr\u00e1 un impacto significativo en la educaci\u00f3n de las J\u00f3venes Pioneras<\/b> y se unir\u00e1 a una comunidad global dedicada a promover la equidad de g\u00e9nero.<\/p>\t\t\t\t\t\t\t\t<\/div>\n\t\t\t\t<\/div>\n\t\t<div class=\"elementor-element elementor-element-364ee98 e-con-full e-flex e-con e-child\" data-id=\"364ee98\" data-element_type=\"container\" data-e-type=\"container\">\n\t\t\t\t<div class=\"elementor-element elementor-element-d4353cb elementor-widget__width-initial elementor-widget elementor-widget-image\" data-id=\"d4353cb\" data-element_type=\"widget\" data-e-type=\"widget\" data-widget_type=\"image.default\">\n\t\t\t\t<div class=\"elementor-widget-container\">\n\t\t\t\t\t\t\t\t\t\t\t\t\t\t\t<img decoding=\"async\" width=\"1728\" height=\"20\" src=\"https:\/\/www.maiaimpact.org\/wp-content\/uploads\/2023\/10\/separador.png\" class=\"attachment-full size-full wp-image-117\" alt=\"\" srcset=\"https:\/\/www.maiaimpact.org\/wp-content\/uploads\/2023\/10\/separador.png 1728w, https:\/\/www.maiaimpact.org\/wp-content\/uploads\/2023\/10\/separador-300x3.png 300w, https:\/\/www.maiaimpact.org\/wp-content\/uploads\/2023\/10\/separador-1024x12.png 1024w, https:\/\/www.maiaimpact.org\/wp-content\/uploads\/2023\/10\/separador-768x9.png 768w, https:\/\/www.maiaimpact.org\/wp-content\/uploads\/2023\/10\/separador-1536x18.png 1536w\" sizes=\"(max-width: 1728px) 100vw, 1728px\" \/>\t\t\t\t\t\t\t\t\t\t\t\t\t\t\t<\/div>\n\t\t\t\t<\/div>\n\t\t\t\t<\/div>\n\t\t\t\t\t<\/div>\n\t\t\t\t<\/div>\n\t\t<div class=\"elementor-element elementor-element-7faef59 e-flex e-con-boxed e-con e-parent\" data-id=\"7faef59\" data-element_type=\"container\" data-e-type=\"container\">\n\t\t\t\t\t<div class=\"e-con-inner\">\n\t\t<div class=\"elementor-element elementor-element-8e34624 e-flex e-con-boxed e-con e-child\" data-id=\"8e34624\" data-element_type=\"container\" data-e-type=\"container\">\n\t\t\t\t\t<div class=\"e-con-inner\">\n\t\t<div class=\"elementor-element elementor-element-85ce48e e-con-full e-flex e-con e-child\" data-id=\"85ce48e\" data-element_type=\"container\" data-e-type=\"container\">\n\t\t\t\t<div class=\"elementor-element elementor-element-0339f01 elementor-widget elementor-widget-image\" data-id=\"0339f01\" data-element_type=\"widget\" data-e-type=\"widget\" data-widget_type=\"image.default\">\n\t\t\t\t<div class=\"elementor-widget-container\">\n\t\t\t\t\t\t\t\t\t\t\t\t\t\t\t<img fetchpriority=\"high\" decoding=\"async\" width=\"562\" height=\"390\" src=\"https:\/\/www.maiaimpact.org\/wp-content\/uploads\/2023\/11\/img-monyhly-giving-program-slider.png\" class=\"attachment-full size-full wp-image-415\" alt=\"\" srcset=\"https:\/\/www.maiaimpact.org\/wp-content\/uploads\/2023\/11\/img-monyhly-giving-program-slider.png 562w, https:\/\/www.maiaimpact.org\/wp-content\/uploads\/2023\/11\/img-monyhly-giving-program-slider-300x208.png 300w\" sizes=\"(max-width: 562px) 100vw, 562px\" \/>\t\t\t\t\t\t\t\t\t\t\t\t\t\t\t<\/div>\n\t\t\t\t<\/div>\n\t\t\t\t<\/div>\n\t\t<div class=\"elementor-element elementor-element-5e4a9db e-flex e-con-boxed e-con e-child\" data-id=\"5e4a9db\" data-element_type=\"container\" data-e-type=\"container\">\n\t\t\t\t\t<div class=\"e-con-inner\">\n\t\t\t\t<div class=\"elementor-element elementor-element-3de187d elementor-arrows-position-inside elementor-widget elementor-widget-image-carousel\" data-id=\"3de187d\" data-element_type=\"widget\" data-e-type=\"widget\" data-settings=\"{&quot;slides_to_show&quot;:&quot;1&quot;,&quot;navigation&quot;:&quot;arrows&quot;,&quot;autoplay&quot;:&quot;yes&quot;,&quot;pause_on_hover&quot;:&quot;yes&quot;,&quot;pause_on_interaction&quot;:&quot;yes&quot;,&quot;autoplay_speed&quot;:5000,&quot;infinite&quot;:&quot;yes&quot;,&quot;effect&quot;:&quot;slide&quot;,&quot;speed&quot;:500}\" data-widget_type=\"image-carousel.default\">\n\t\t\t\t<div class=\"elementor-widget-container\">\n\t\t\t\t\t\t\t<div class=\"elementor-image-carousel-wrapper swiper\" role=\"region\" aria-roledescription=\"carousel\" aria-label=\"Carrusel de im\u00e1genes\" dir=\"ltr\">\n\t\t\t<div class=\"elementor-image-carousel swiper-wrapper\" aria-live=\"off\">\n\t\t\t\t\t\t\t\t<div class=\"swiper-slide\" role=\"group\" aria-roledescription=\"slide\" aria-label=\"1 de 1\"><a data-elementor-open-lightbox=\"yes\" data-elementor-lightbox-slideshow=\"3de187d\" data-elementor-lightbox-title=\"monthly-giving-slider-1\" data-e-action-hash=\"#elementor-action%3Aaction%3Dlightbox%26settings%3DeyJpZCI6NDE3LCJ1cmwiOiJodHRwczpcL1wvd3d3Lm1haWFpbXBhY3Qub3JnXC93cC1jb250ZW50XC91cGxvYWRzXC8yMDIzXC8xMVwvbW9udGhseS1naXZpbmctc2xpZGVyLTEucG5nIiwic2xpZGVzaG93IjoiM2RlMTg3ZCJ9\" href=\"https:\/\/www.maiaimpact.org\/platform-alianza-login\/\"><figure class=\"swiper-slide-inner\"><img decoding=\"async\" class=\"swiper-slide-image\" src=\"https:\/\/www.maiaimpact.org\/wp-content\/uploads\/2023\/11\/monthly-giving-slider-1.png\" alt=\"monthly-giving-slider-1\" \/><\/figure><\/a><\/div>\t\t\t<\/div>\n\t\t\t\t\t<\/div>\n\t\t\t\t\t\t<\/div>\n\t\t\t\t<\/div>\n\t\t\t\t\t<\/div>\n\t\t\t\t<\/div>\n\t\t\t\t\t<\/div>\n\t\t\t\t<\/div>\n\t\t<div class=\"elementor-element elementor-element-5ff9b7a e-con-full e-flex e-con e-child\" data-id=\"5ff9b7a\" data-element_type=\"container\" data-e-type=\"container\">\n\t\t\t\t<div class=\"elementor-element elementor-element-638adb8 elementor-widget__width-initial elementor-widget elementor-widget-image\" data-id=\"638adb8\" data-element_type=\"widget\" data-e-type=\"widget\" data-widget_type=\"image.default\">\n\t\t\t\t<div class=\"elementor-widget-container\">\n\t\t\t\t\t\t\t\t\t\t\t\t\t\t\t<img decoding=\"async\" width=\"1728\" height=\"20\" src=\"https:\/\/www.maiaimpact.org\/wp-content\/uploads\/2023\/10\/separador.png\" class=\"attachment-full size-full wp-image-117\" alt=\"\" srcset=\"https:\/\/www.maiaimpact.org\/wp-content\/uploads\/2023\/10\/separador.png 1728w, https:\/\/www.maiaimpact.org\/wp-content\/uploads\/2023\/10\/separador-300x3.png 300w, https:\/\/www.maiaimpact.org\/wp-content\/uploads\/2023\/10\/separador-1024x12.png 1024w, https:\/\/www.maiaimpact.org\/wp-content\/uploads\/2023\/10\/separador-768x9.png 768w, https:\/\/www.maiaimpact.org\/wp-content\/uploads\/2023\/10\/separador-1536x18.png 1536w\" sizes=\"(max-width: 1728px) 100vw, 1728px\" \/>\t\t\t\t\t\t\t\t\t\t\t\t\t\t\t<\/div>\n\t\t\t\t<\/div>\n\t\t\t\t<\/div>\n\t\t\t\t\t<\/div>\n\t\t\t\t<\/div>\n\t\t<div class=\"elementor-element elementor-element-12b9485 e-flex e-con-boxed e-con e-parent\" data-id=\"12b9485\" data-element_type=\"container\" data-e-type=\"container\">\n\t\t\t\t\t<div class=\"e-con-inner\">\n\t\t\t\t<div class=\"elementor-element elementor-element-1567065 elementor-widget elementor-widget-heading\" data-id=\"1567065\" data-element_type=\"widget\" data-e-type=\"widget\" data-widget_type=\"heading.default\">\n\t\t\t\t<div class=\"elementor-widget-container\">\n\t\t\t\t\t<h2 class=\"elementor-heading-title elementor-size-default\">\u00a1Convi\u00e9rtete en un aliado de las J\u00f3venes Pioneras con una donaci\u00f3n mensual de $25 o m\u00e1s! <br>Puedes hacerlo cada mes o programarla.<\/h2>\t\t\t\t<\/div>\n\t\t\t\t<\/div>\n\t\t<div class=\"elementor-element elementor-element-c9052f8 e-con-full e-flex e-con e-child\" data-id=\"c9052f8\" data-element_type=\"container\" data-e-type=\"container\">\n\t\t<div class=\"elementor-element elementor-element-789ed11 e-flex e-con-boxed e-con e-child\" data-id=\"789ed11\" data-element_type=\"container\" data-e-type=\"container\">\n\t\t\t\t\t<div class=\"e-con-inner\">\n\t\t\t\t<div class=\"elementor-element elementor-element-6b8c007 elementor-widget elementor-widget-html\" data-id=\"6b8c007\" data-element_type=\"widget\" data-e-type=\"widget\" data-widget_type=\"html.default\">\n\t\t\t\t<div class=\"elementor-widget-container\">\n\t\t\t\t\t<script src=\"https:\/\/donorbox.org\/widget.js\" paypalExpress=\"true\"><\/script><iframe src=\"https:\/\/donorbox.org\/embed\/support-her-success?language=en\" name=\"donorbox\" allowpaymentrequest=\"allowpaymentrequest\" seamless=\"seamless\" frameborder=\"0\" scrolling=\"no\" height=\"900px\" width=\"100%\" style=\"max-width: 500px; min-width: 250px; max-height:none!important\" allow=\"payment\"><\/iframe>\t\t\t\t<\/div>\n\t\t\t\t<\/div>\n\t\t\t\t\t<\/div>\n\t\t\t\t<\/div>\n\t\t<div class=\"elementor-element elementor-element-e9dd54b e-flex e-con-boxed e-con e-child\" data-id=\"e9dd54b\" data-element_type=\"container\" data-e-type=\"container\">\n\t\t\t\t\t<div class=\"e-con-inner\">\n\t\t\t\t<div class=\"elementor-element elementor-element-7a83755 elementor-widget elementor-widget-heading\" data-id=\"7a83755\" data-element_type=\"widget\" data-e-type=\"widget\" data-widget_type=\"heading.default\">\n\t\t\t\t<div class=\"elementor-widget-container\">\n\t\t\t\t\t<h6 class=\"elementor-heading-title elementor-size-default\">Cuando te unes al programa Alianza,<\/h6>\t\t\t\t<\/div>\n\t\t\t\t<\/div>\n\t\t\t\t<div class=\"elementor-element elementor-element-4581650 elementor-widget elementor-widget-text-editor\" data-id=\"4581650\" data-element_type=\"widget\" data-e-type=\"widget\" data-widget_type=\"text-editor.default\">\n\t\t\t\t<div class=\"elementor-widget-container\">\n\t\t\t\t\t\t\t\t\t<p>Recibir\u00e1s acceso exclusivo a contenido inspirador creado por las J\u00f3venes Pioneras en la plataforma Alianza.<\/p><p>La plataforma Alianza te permite:<\/p>\t\t\t\t\t\t\t\t<\/div>\n\t\t\t\t<\/div>\n\t\t\t\t<div class=\"elementor-element elementor-element-b3aa57e elementor-widget elementor-widget-text-editor\" data-id=\"b3aa57e\" data-element_type=\"widget\" data-e-type=\"widget\" data-widget_type=\"text-editor.default\">\n\t\t\t\t<div class=\"elementor-widget-container\">\n\t\t\t\t\t\t\t\t\t<ol><li>Env\u00ede mensajes de motivaci\u00f3n para las J\u00f3venes Pioneras y el personal de MAIA.<\/li><li>Reciba sugerencias y preguntas poderosas enviadas por las J\u00f3venes Pioneras para explorar temas esenciales y desafiar ideas preconcebidas.<\/li><li>Forjar una conexi\u00f3n m\u00e1s fuerte con Guatemala<\/li><\/ol>\t\t\t\t\t\t\t\t<\/div>\n\t\t\t\t<\/div>\n\t\t\t\t\t<\/div>\n\t\t\t\t<\/div>\n\t\t\t\t<\/div>\n\t\t\t\t\t<\/div>\n\t\t\t\t<\/div>\n\t\t<div class=\"elementor-element elementor-element-d917dc0 e-flex e-con-boxed e-con e-parent\" data-id=\"d917dc0\" data-element_type=\"container\" data-e-type=\"container\" data-settings=\"{&quot;background_background&quot;:&quot;classic&quot;}\">\n\t\t\t\t\t<div class=\"e-con-inner\">\n\t\t\t\t<div class=\"elementor-element elementor-element-50f913c elementor-widget elementor-widget-heading\" data-id=\"50f913c\" data-element_type=\"widget\" data-e-type=\"widget\" data-widget_type=\"heading.default\">\n\t\t\t\t<div class=\"elementor-widget-container\">\n\t\t\t\t\t<h2 class=\"elementor-heading-title elementor-size-default\">Los Aliados actuales pueden acceder a la exclusiva Plataforma Alianza<\/h2>\t\t\t\t<\/div>\n\t\t\t\t<\/div>\n\t\t\t\t<div class=\"elementor-element elementor-element-bdd83dd elementor-widget elementor-widget-text-editor\" data-id=\"bdd83dd\" data-element_type=\"widget\" data-e-type=\"widget\" data-widget_type=\"text-editor.default\">\n\t\t\t\t<div class=\"elementor-widget-container\">\n\t\t\t\t\t\t\t\t\t<p>En la Plataforma Alianza tendr\u00e1s acceso exclusivo a un mundo de historias inspiradoras, recursos valiosos y actualizaciones cautivadoras directamente de las J\u00f3venes Pioneras. \u00a1Es un espacio dedicado a celebrar la nueva y audaz trayectoria de las J\u00f3venes Pioneras y ser testigo de sus logros!<\/p>\t\t\t\t\t\t\t\t<\/div>\n\t\t\t\t<\/div>\n\t\t\t\t<div class=\"elementor-element elementor-element-048583a elementor-align-center elementor-widget elementor-widget-button\" data-id=\"048583a\" data-element_type=\"widget\" data-e-type=\"widget\" data-widget_type=\"button.default\">\n\t\t\t\t<div class=\"elementor-widget-container\">\n\t\t\t\t\t\t\t\t\t<div class=\"elementor-button-wrapper\">\n\t\t\t\t\t<a class=\"elementor-button elementor-button-link elementor-size-sm\" href=\"https:\/\/www.maiaimpact.org\/es\/platform-alianza-login\/\">\n\t\t\t\t\t\t<span class=\"elementor-button-content-wrapper\">\n\t\t\t\t\t\t\t\t\t<span class=\"elementor-button-text\">Accede a la Plataforma Alianza<\/span>\n\t\t\t\t\t<\/span>\n\t\t\t\t\t<\/a>\n\t\t\t\t<\/div>\n\t\t\t\t\t\t\t\t<\/div>\n\t\t\t\t<\/div>\n\t\t\t\t\t<\/div>\n\t\t\t\t<\/div>\n\t\t\t\t<\/div>\n\t\t","protected":false},"excerpt":{"rendered":"<p>PROGRAMA DE DONACI\u00d3N RECURRENTE Convi\u00e9rtete en un Aliado para la Educaci\u00f3n de las j\u00f3venes mujeres Ind\u00edgenas a trav\u00e9s de Alianza, nuestro programa de donaciones recurrentes. Al hacerlo, tendr\u00e1 un impacto significativo en la educaci\u00f3n de las J\u00f3venes Pioneras y se unir\u00e1 a una comunidad global dedicada a promover la equidad de g\u00e9nero. \u00a1Convi\u00e9rtete en un [&hellip;]<\/p>\n","protected":false},"author":1,"featured_media":0,"parent":0,"menu_order":0,"comment_status":"closed","ping_status":"closed","template":"elementor_header_footer","meta":{"footnotes":""},"class_list":["post-2244","page","type-page","status-publish","hentry"],"yoast_head":"<!-- This site is optimized with the Yoast SEO plugin v27.4 - https:\/\/yoast.com\/product\/yoast-seo-wordpress\/ -->\n<title>Programa de donaciones recurrentes - MAIA<\/title>\n<meta name=\"robots\" content=\"index, follow, max-snippet:-1, max-image-preview:large, max-video-preview:-1\" \/>\n<link rel=\"canonical\" href=\"https:\/\/www.maiaimpact.org\/es\/programa-de-donaciones-recurrentes\/\" \/>\n<meta property=\"og:locale\" content=\"es_ES\" \/>\n<meta property=\"og:type\" content=\"article\" \/>\n<meta property=\"og:title\" content=\"Programa de donaciones recurrentes - MAIA\" \/>\n<meta property=\"og:description\" content=\"PROGRAMA DE DONACI\u00d3N RECURRENTE Convi\u00e9rtete en un Aliado para la Educaci\u00f3n de las j\u00f3venes mujeres Ind\u00edgenas a trav\u00e9s de Alianza, nuestro programa de donaciones recurrentes. Al hacerlo, tendr\u00e1 un impacto significativo en la educaci\u00f3n de las J\u00f3venes Pioneras y se unir\u00e1 a una comunidad global dedicada a promover la equidad de g\u00e9nero. \u00a1Convi\u00e9rtete en un [&hellip;]\" \/>\n<meta property=\"og:url\" content=\"https:\/\/www.maiaimpact.org\/es\/programa-de-donaciones-recurrentes\/\" \/>\n<meta property=\"og:site_name\" content=\"MAIA\" \/>\n<meta property=\"article:publisher\" content=\"https:\/\/www.facebook.com\/maiaimpact\" \/>\n<meta property=\"article:modified_time\" content=\"2024-08-02T00:20:53+00:00\" \/>\n<meta property=\"og:image\" content=\"https:\/\/www.maiaimpact.org\/wp-content\/uploads\/2023\/10\/separador.png\" \/>\n<meta name=\"twitter:card\" content=\"summary_large_image\" \/>\n<meta name=\"twitter:label1\" content=\"Tiempo de lectura\" \/>\n\t<meta name=\"twitter:data1\" content=\"2 minutos\" \/>\n<script type=\"application\/ld+json\" class=\"yoast-schema-graph\">{\"@context\":\"https:\\\/\\\/schema.org\",\"@graph\":[{\"@type\":\"WebPage\",\"@id\":\"https:\\\/\\\/www.maiaimpact.org\\\/es\\\/programa-de-donaciones-recurrentes\\\/\",\"url\":\"https:\\\/\\\/www.maiaimpact.org\\\/es\\\/programa-de-donaciones-recurrentes\\\/\",\"name\":\"Programa de donaciones recurrentes - MAIA\",\"isPartOf\":{\"@id\":\"https:\\\/\\\/www.maiaimpact.org\\\/es\\\/#website\"},\"primaryImageOfPage\":{\"@id\":\"https:\\\/\\\/www.maiaimpact.org\\\/es\\\/programa-de-donaciones-recurrentes\\\/#primaryimage\"},\"image\":{\"@id\":\"https:\\\/\\\/www.maiaimpact.org\\\/es\\\/programa-de-donaciones-recurrentes\\\/#primaryimage\"},\"thumbnailUrl\":\"https:\\\/\\\/www.maiaimpact.org\\\/wp-content\\\/uploads\\\/2023\\\/10\\\/separador.png\",\"datePublished\":\"2023-11-02T16:59:36+00:00\",\"dateModified\":\"2024-08-02T00:20:53+00:00\",\"inLanguage\":\"es\",\"potentialAction\":[{\"@type\":\"ReadAction\",\"target\":[\"https:\\\/\\\/www.maiaimpact.org\\\/es\\\/programa-de-donaciones-recurrentes\\\/\"]}]},{\"@type\":\"ImageObject\",\"inLanguage\":\"es\",\"@id\":\"https:\\\/\\\/www.maiaimpact.org\\\/es\\\/programa-de-donaciones-recurrentes\\\/#primaryimage\",\"url\":\"https:\\\/\\\/www.maiaimpact.org\\\/wp-content\\\/uploads\\\/2023\\\/10\\\/separador.png\",\"contentUrl\":\"https:\\\/\\\/www.maiaimpact.org\\\/wp-content\\\/uploads\\\/2023\\\/10\\\/separador.png\"},{\"@type\":\"WebSite\",\"@id\":\"https:\\\/\\\/www.maiaimpact.org\\\/es\\\/#website\",\"url\":\"https:\\\/\\\/www.maiaimpact.org\\\/es\\\/\",\"name\":\"MAIA\",\"description\":\"MAIA is a nonprofit organization empowering Indigenous girls in Guatemala through education, leadership, and community development programs.\",\"publisher\":{\"@id\":\"https:\\\/\\\/www.maiaimpact.org\\\/es\\\/#organization\"},\"potentialAction\":[{\"@type\":\"SearchAction\",\"target\":{\"@type\":\"EntryPoint\",\"urlTemplate\":\"https:\\\/\\\/www.maiaimpact.org\\\/es\\\/?s={search_term_string}\"},\"query-input\":{\"@type\":\"PropertyValueSpecification\",\"valueRequired\":true,\"valueName\":\"search_term_string\"}}],\"inLanguage\":\"es\"},{\"@type\":\"Organization\",\"@id\":\"https:\\\/\\\/www.maiaimpact.org\\\/es\\\/#organization\",\"name\":\"MAIA\",\"url\":\"https:\\\/\\\/www.maiaimpact.org\\\/es\\\/\",\"logo\":{\"@type\":\"ImageObject\",\"inLanguage\":\"es\",\"@id\":\"https:\\\/\\\/www.maiaimpact.org\\\/es\\\/#\\\/schema\\\/logo\\\/image\\\/\",\"url\":\"https:\\\/\\\/www.maiaimpact.org\\\/wp-content\\\/uploads\\\/2023\\\/10\\\/maia-logo.png\",\"contentUrl\":\"https:\\\/\\\/www.maiaimpact.org\\\/wp-content\\\/uploads\\\/2023\\\/10\\\/maia-logo.png\",\"width\":128,\"height\":45,\"caption\":\"MAIA\"},\"image\":{\"@id\":\"https:\\\/\\\/www.maiaimpact.org\\\/es\\\/#\\\/schema\\\/logo\\\/image\\\/\"},\"sameAs\":[\"https:\\\/\\\/www.facebook.com\\\/maiaimpact\",\"https:\\\/\\\/www.instagram.com\\\/maia_impact\\\/\",\"https:\\\/\\\/www.youtube.com\\\/@maiaimpact\",\"https:\\\/\\\/www.linkedin.com\\\/company\\\/maiaimpact\\\/\"]}]}<\/script>\n<!-- \/ Yoast SEO plugin. -->","yoast_head_json":{"title":"Programa de donaciones recurrentes - MAIA","robots":{"index":"index","follow":"follow","max-snippet":"max-snippet:-1","max-image-preview":"max-image-preview:large","max-video-preview":"max-video-preview:-1"},"canonical":"https:\/\/www.maiaimpact.org\/es\/programa-de-donaciones-recurrentes\/","og_locale":"es_ES","og_type":"article","og_title":"Programa de donaciones recurrentes - MAIA","og_description":"PROGRAMA DE DONACI\u00d3N RECURRENTE Convi\u00e9rtete en un Aliado para la Educaci\u00f3n de las j\u00f3venes mujeres Ind\u00edgenas a trav\u00e9s de Alianza, nuestro programa de donaciones recurrentes. Al hacerlo, tendr\u00e1 un impacto significativo en la educaci\u00f3n de las J\u00f3venes Pioneras y se unir\u00e1 a una comunidad global dedicada a promover la equidad de g\u00e9nero. \u00a1Convi\u00e9rtete en un [&hellip;]","og_url":"https:\/\/www.maiaimpact.org\/es\/programa-de-donaciones-recurrentes\/","og_site_name":"MAIA","article_publisher":"https:\/\/www.facebook.com\/maiaimpact","article_modified_time":"2024-08-02T00:20:53+00:00","og_image":[{"url":"https:\/\/www.maiaimpact.org\/wp-content\/uploads\/2023\/10\/separador.png","type":"","width":"","height":""}],"twitter_card":"summary_large_image","twitter_misc":{"Tiempo de lectura":"2 minutos"},"schema":{"@context":"https:\/\/schema.org","@graph":[{"@type":"WebPage","@id":"https:\/\/www.maiaimpact.org\/es\/programa-de-donaciones-recurrentes\/","url":"https:\/\/www.maiaimpact.org\/es\/programa-de-donaciones-recurrentes\/","name":"Programa de donaciones recurrentes - MAIA","isPartOf":{"@id":"https:\/\/www.maiaimpact.org\/es\/#website"},"primaryImageOfPage":{"@id":"https:\/\/www.maiaimpact.org\/es\/programa-de-donaciones-recurrentes\/#primaryimage"},"image":{"@id":"https:\/\/www.maiaimpact.org\/es\/programa-de-donaciones-recurrentes\/#primaryimage"},"thumbnailUrl":"https:\/\/www.maiaimpact.org\/wp-content\/uploads\/2023\/10\/separador.png","datePublished":"2023-11-02T16:59:36+00:00","dateModified":"2024-08-02T00:20:53+00:00","inLanguage":"es","potentialAction":[{"@type":"ReadAction","target":["https:\/\/www.maiaimpact.org\/es\/programa-de-donaciones-recurrentes\/"]}]},{"@type":"ImageObject","inLanguage":"es","@id":"https:\/\/www.maiaimpact.org\/es\/programa-de-donaciones-recurrentes\/#primaryimage","url":"https:\/\/www.maiaimpact.org\/wp-content\/uploads\/2023\/10\/separador.png","contentUrl":"https:\/\/www.maiaimpact.org\/wp-content\/uploads\/2023\/10\/separador.png"},{"@type":"WebSite","@id":"https:\/\/www.maiaimpact.org\/es\/#website","url":"https:\/\/www.maiaimpact.org\/es\/","name":"MAIA","description":"MAIA is a nonprofit organization empowering Indigenous girls in Guatemala through education, leadership, and community development programs.","publisher":{"@id":"https:\/\/www.maiaimpact.org\/es\/#organization"},"potentialAction":[{"@type":"SearchAction","target":{"@type":"EntryPoint","urlTemplate":"https:\/\/www.maiaimpact.org\/es\/?s={search_term_string}"},"query-input":{"@type":"PropertyValueSpecification","valueRequired":true,"valueName":"search_term_string"}}],"inLanguage":"es"},{"@type":"Organization","@id":"https:\/\/www.maiaimpact.org\/es\/#organization","name":"MAIA","url":"https:\/\/www.maiaimpact.org\/es\/","logo":{"@type":"ImageObject","inLanguage":"es","@id":"https:\/\/www.maiaimpact.org\/es\/#\/schema\/logo\/image\/","url":"https:\/\/www.maiaimpact.org\/wp-content\/uploads\/2023\/10\/maia-logo.png","contentUrl":"https:\/\/www.maiaimpact.org\/wp-content\/uploads\/2023\/10\/maia-logo.png","width":128,"height":45,"caption":"MAIA"},"image":{"@id":"https:\/\/www.maiaimpact.org\/es\/#\/schema\/logo\/image\/"},"sameAs":["https:\/\/www.facebook.com\/maiaimpact","https:\/\/www.instagram.com\/maia_impact\/","https:\/\/www.youtube.com\/@maiaimpact","https:\/\/www.linkedin.com\/company\/maiaimpact\/"]}]}},"_links":{"self":[{"href":"https:\/\/www.maiaimpact.org\/es\/wp-json\/wp\/v2\/pages\/2244","targetHints":{"allow":["GET"]}}],"collection":[{"href":"https:\/\/www.maiaimpact.org\/es\/wp-json\/wp\/v2\/pages"}],"about":[{"href":"https:\/\/www.maiaimpact.org\/es\/wp-json\/wp\/v2\/types\/page"}],"author":[{"embeddable":true,"href":"https:\/\/www.maiaimpact.org\/es\/wp-json\/wp\/v2\/users\/1"}],"replies":[{"embeddable":true,"href":"https:\/\/www.maiaimpact.org\/es\/wp-json\/wp\/v2\/comments?post=2244"}],"version-history":[{"count":24,"href":"https:\/\/www.maiaimpact.org\/es\/wp-json\/wp\/v2\/pages\/2244\/revisions"}],"predecessor-version":[{"id":6454,"href":"https:\/\/www.maiaimpact.org\/es\/wp-json\/wp\/v2\/pages\/2244\/revisions\/6454"}],"wp:attachment":[{"href":"https:\/\/www.maiaimpact.org\/es\/wp-json\/wp\/v2\/media?parent=2244"}],"curies":[{"name":"wp","href":"https:\/\/api.w.org\/{rel}","templated":true}]}}