{"id":2242,"date":"2023-11-03T00:52:23","date_gmt":"2023-11-03T00:52:23","guid":{"rendered":"https:\/\/www.maiaimpact.org\/get-involve\/"},"modified":"2025-12-04T22:44:50","modified_gmt":"2025-12-04T22:44:50","slug":"get-involve","status":"publish","type":"page","link":"https:\/\/www.maiaimpact.org\/es\/get-involve\/","title":{"rendered":"INVOL\u00daCRATE"},"content":{"rendered":"\t\t<div data-elementor-type=\"wp-page\" data-elementor-id=\"2242\" class=\"elementor elementor-2242 elementor-477\" data-elementor-post-type=\"page\">\n\t\t\t\t<div class=\"elementor-element elementor-element-c3466e2 e-con-full e-flex e-con e-parent\" data-id=\"c3466e2\" data-element_type=\"container\" data-e-type=\"container\">\n\t\t\t\t<div class=\"elementor-element elementor-element-9dfb98b elementor-widget__width-initial elementor-widget-mobile__width-inherit elementor-widget elementor-widget-heading\" data-id=\"9dfb98b\" data-element_type=\"widget\" data-e-type=\"widget\" data-widget_type=\"heading.default\">\n\t\t\t\t<div class=\"elementor-widget-container\">\n\t\t\t\t\t<h1 class=\"elementor-heading-title elementor-size-default\">INVOL\u00daCRATE<\/h1>\t\t\t\t<\/div>\n\t\t\t\t<\/div>\n\t\t\t\t<\/div>\n\t\t<div class=\"elementor-element elementor-element-af816a8 e-flex e-con-boxed e-con e-parent\" data-id=\"af816a8\" data-element_type=\"container\" data-e-type=\"container\">\n\t\t\t\t\t<div class=\"e-con-inner\">\n\t\t\t\t<div class=\"elementor-element elementor-element-a278d52 elementor-widget elementor-widget-text-editor\" data-id=\"a278d52\" data-element_type=\"widget\" data-e-type=\"widget\" data-widget_type=\"text-editor.default\">\n\t\t\t\t<div class=\"elementor-widget-container\">\n\t\t\t\t\t\t\t\t\t<p>Usa tus recursos, tiempo, y voz para apoyar a las J\u00f3venes Pioneras, familias y nuestro equipo.<br \/><b style=\"color: #e7004e;\">Conoce en est\u00e1 p\u00e1gina c\u00f3mo involucrarte.<\/b><\/p>\t\t\t\t\t\t\t\t<\/div>\n\t\t\t\t<\/div>\n\t\t<div class=\"elementor-element elementor-element-4292989 e-con-full e-flex e-con e-child\" data-id=\"4292989\" data-element_type=\"container\" data-e-type=\"container\">\n\t\t\t\t<div class=\"elementor-element elementor-element-37cb31a elementor-widget__width-initial elementor-widget elementor-widget-image\" data-id=\"37cb31a\" data-element_type=\"widget\" data-e-type=\"widget\" data-widget_type=\"image.default\">\n\t\t\t\t<div class=\"elementor-widget-container\">\n\t\t\t\t\t\t\t\t\t\t\t\t\t\t\t<img decoding=\"async\" width=\"1728\" height=\"20\" src=\"https:\/\/www.maiaimpact.org\/wp-content\/uploads\/2023\/10\/separador.png\" class=\"attachment-full size-full wp-image-117\" alt=\"\" srcset=\"https:\/\/www.maiaimpact.org\/wp-content\/uploads\/2023\/10\/separador.png 1728w, https:\/\/www.maiaimpact.org\/wp-content\/uploads\/2023\/10\/separador-300x3.png 300w, https:\/\/www.maiaimpact.org\/wp-content\/uploads\/2023\/10\/separador-1024x12.png 1024w, https:\/\/www.maiaimpact.org\/wp-content\/uploads\/2023\/10\/separador-768x9.png 768w, https:\/\/www.maiaimpact.org\/wp-content\/uploads\/2023\/10\/separador-1536x18.png 1536w\" sizes=\"(max-width: 1728px) 100vw, 1728px\" \/>\t\t\t\t\t\t\t\t\t\t\t\t\t\t\t<\/div>\n\t\t\t\t<\/div>\n\t\t\t\t<\/div>\n\t\t\t\t\t<\/div>\n\t\t\t\t<\/div>\n\t\t<div class=\"elementor-element elementor-element-5eb79ff e-flex e-con-boxed e-con e-parent\" data-id=\"5eb79ff\" data-element_type=\"container\" data-e-type=\"container\">\n\t\t\t\t\t<div class=\"e-con-inner\">\n\t\t<div class=\"elementor-element elementor-element-830a70b e-con-full e-flex e-con e-child\" data-id=\"830a70b\" data-element_type=\"container\" data-e-type=\"container\">\n\t\t\t\t<div class=\"elementor-element elementor-element-3fd85c7 elementor-widget elementor-widget-heading\" data-id=\"3fd85c7\" data-element_type=\"widget\" data-e-type=\"widget\" data-widget_type=\"heading.default\">\n\t\t\t\t<div class=\"elementor-widget-container\">\n\t\t\t\t\t<h2 class=\"elementor-heading-title elementor-size-default\">Alianzas Corporativas<\/h2>\t\t\t\t<\/div>\n\t\t\t\t<\/div>\n\t\t\t\t<div class=\"elementor-element elementor-element-43db1a2 elementor-widget elementor-widget-text-editor\" data-id=\"43db1a2\" data-element_type=\"widget\" data-e-type=\"widget\" data-widget_type=\"text-editor.default\">\n\t\t\t\t<div class=\"elementor-widget-container\">\n\t\t\t\t\t\t\t\t\t<p>Buscamos trabajar con empresas que compartan nuestra visi\u00f3n, que quieran invertir y colaborar para crear un impacto infinito en las J\u00f3venes Pioneras. \u00bfEres una de ellas?<\/p>\t\t\t\t\t\t\t\t<\/div>\n\t\t\t\t<\/div>\n\t\t\t\t<div class=\"elementor-element elementor-element-45b1f33 elementor-widget elementor-widget-button\" data-id=\"45b1f33\" data-element_type=\"widget\" data-e-type=\"widget\" data-widget_type=\"button.default\">\n\t\t\t\t<div class=\"elementor-widget-container\">\n\t\t\t\t\t\t\t\t\t<div class=\"elementor-button-wrapper\">\n\t\t\t\t\t<a class=\"elementor-button elementor-button-link elementor-size-sm\" href=\"https:\/\/docs.google.com\/forms\/d\/e\/1FAIpQLSfEEXqmlph2ccq2toNLby3R4-FGDghYzs4mUQRjMYTENw5Lug\/viewform\">\n\t\t\t\t\t\t<span class=\"elementor-button-content-wrapper\">\n\t\t\t\t\t\t\t\t\t<span class=\"elementor-button-text\">EMPECEMOS A TRABAJAR JUNTOS<\/span>\n\t\t\t\t\t<\/span>\n\t\t\t\t\t<\/a>\n\t\t\t\t<\/div>\n\t\t\t\t\t\t\t\t<\/div>\n\t\t\t\t<\/div>\n\t\t\t\t<\/div>\n\t\t<div class=\"elementor-element elementor-element-54664b1 e-con-full e-flex e-con e-child\" data-id=\"54664b1\" data-element_type=\"container\" data-e-type=\"container\">\n\t\t\t\t<div class=\"elementor-element elementor-element-a76a8c7 elementor-widget elementor-widget-heading\" data-id=\"a76a8c7\" data-element_type=\"widget\" data-e-type=\"widget\" data-widget_type=\"heading.default\">\n\t\t\t\t<div class=\"elementor-widget-container\">\n\t\t\t\t\t<h2 class=\"elementor-heading-title elementor-size-default\">Visita el Colegio Impacto de MAIA<\/h2>\t\t\t\t<\/div>\n\t\t\t\t<\/div>\n\t\t\t\t<div class=\"elementor-element elementor-element-fa30fe6 elementor-widget elementor-widget-text-editor\" data-id=\"fa30fe6\" data-element_type=\"widget\" data-e-type=\"widget\" data-widget_type=\"text-editor.default\">\n\t\t\t\t<div class=\"elementor-widget-container\">\n\t\t\t\t\t\t\t\t\t<p>\u00bfEst\u00e1s interesado en visitar el Colegio Impacto de MAIA? Llena el siguiente formulario. Tenemos capacidad limitada para recibir visitantes y comprobaremos la disponibilidad del equipo. Ten en cuenta que se sugiere una donaci\u00f3n en funci\u00f3n del tipo de visita.<\/p>\t\t\t\t\t\t\t\t<\/div>\n\t\t\t\t<\/div>\n\t\t\t\t<div class=\"elementor-element elementor-element-c32afe5 elementor-widget elementor-widget-button\" data-id=\"c32afe5\" data-element_type=\"widget\" data-e-type=\"widget\" data-widget_type=\"button.default\">\n\t\t\t\t<div class=\"elementor-widget-container\">\n\t\t\t\t\t\t\t\t\t<div class=\"elementor-button-wrapper\">\n\t\t\t\t\t<a class=\"elementor-button elementor-button-link elementor-size-sm\" href=\"https:\/\/docs.google.com\/forms\/d\/e\/1FAIpQLSdXrkMM6XLJ-F_K61cdqU-yT5Ic3RR5tJFLwzPnrfUJg4kpqw\/viewform\">\n\t\t\t\t\t\t<span class=\"elementor-button-content-wrapper\">\n\t\t\t\t\t\t\t\t\t<span class=\"elementor-button-text\">Llena el formulario<\/span>\n\t\t\t\t\t<\/span>\n\t\t\t\t\t<\/a>\n\t\t\t\t<\/div>\n\t\t\t\t\t\t\t\t<\/div>\n\t\t\t\t<\/div>\n\t\t\t\t<\/div>\n\t\t\t\t\t<\/div>\n\t\t\t\t<\/div>\n\t\t<div class=\"elementor-element elementor-element-eef532a e-flex e-con-boxed e-con e-parent\" data-id=\"eef532a\" data-element_type=\"container\" data-e-type=\"container\" data-settings=\"{&quot;background_background&quot;:&quot;classic&quot;}\">\n\t\t\t\t\t<div class=\"e-con-inner\">\n\t\t\t\t<div class=\"elementor-element elementor-element-45bdb1b elementor-widget elementor-widget-heading\" data-id=\"45bdb1b\" data-element_type=\"widget\" data-e-type=\"widget\" data-widget_type=\"heading.default\">\n\t\t\t\t<div class=\"elementor-widget-container\">\n\t\t\t\t\t<h2 class=\"elementor-heading-title elementor-size-default\">Conoce a nuestros aliados locales<\/h2>\t\t\t\t<\/div>\n\t\t\t\t<\/div>\n\t\t\t\t<div class=\"elementor-element elementor-element-46e7c9f elementor-arrows-position-inside elementor-widget elementor-widget-image-carousel\" data-id=\"46e7c9f\" data-element_type=\"widget\" data-e-type=\"widget\" data-settings=\"{&quot;slides_to_show&quot;:&quot;6&quot;,&quot;slides_to_scroll&quot;:&quot;1&quot;,&quot;navigation&quot;:&quot;arrows&quot;,&quot;lazyload&quot;:&quot;yes&quot;,&quot;autoplay&quot;:&quot;yes&quot;,&quot;pause_on_hover&quot;:&quot;yes&quot;,&quot;pause_on_interaction&quot;:&quot;yes&quot;,&quot;autoplay_speed&quot;:5000,&quot;infinite&quot;:&quot;yes&quot;,&quot;speed&quot;:500}\" data-widget_type=\"image-carousel.default\">\n\t\t\t\t<div class=\"elementor-widget-container\">\n\t\t\t\t\t\t\t<div class=\"elementor-image-carousel-wrapper swiper\" role=\"region\" aria-roledescription=\"carousel\" aria-label=\"Carrusel de im\u00e1genes\" dir=\"ltr\">\n\t\t\t<div class=\"elementor-image-carousel swiper-wrapper\" aria-live=\"off\">\n\t\t\t\t\t\t\t\t<div class=\"swiper-slide\" role=\"group\" aria-roledescription=\"slide\" aria-label=\"1 de 7\"><figure class=\"swiper-slide-inner\"><img class=\"swiper-slide-image swiper-lazy\" data-src=\"https:\/\/www.maiaimpact.org\/wp-content\/uploads\/2023\/11\/corali-logo.png\" alt=\"corali-logo\" \/><div class=\"swiper-lazy-preloader\"><\/div><\/figure><\/div><div class=\"swiper-slide\" role=\"group\" aria-roledescription=\"slide\" aria-label=\"2 de 7\"><figure class=\"swiper-slide-inner\"><img class=\"swiper-slide-image swiper-lazy\" data-src=\"https:\/\/www.maiaimpact.org\/wp-content\/uploads\/2023\/11\/mercado-global-logo.png\" alt=\"mercado-global-logo\" \/><div class=\"swiper-lazy-preloader\"><\/div><\/figure><\/div><div class=\"swiper-slide\" role=\"group\" aria-roledescription=\"slide\" aria-label=\"3 de 7\"><figure class=\"swiper-slide-inner\"><img class=\"swiper-slide-image swiper-lazy\" data-src=\"https:\/\/www.maiaimpact.org\/wp-content\/uploads\/2023\/11\/intercorp-logo.png\" alt=\"intercorp-logo\" \/><div class=\"swiper-lazy-preloader\"><\/div><\/figure><\/div><div class=\"swiper-slide\" role=\"group\" aria-roledescription=\"slide\" aria-label=\"4 de 7\"><figure class=\"swiper-slide-inner\"><img class=\"swiper-slide-image swiper-lazy\" data-src=\"https:\/\/www.maiaimpact.org\/wp-content\/uploads\/2023\/11\/friendship-logo.png\" alt=\"friendship-logo\" \/><div class=\"swiper-lazy-preloader\"><\/div><\/figure><\/div><div class=\"swiper-slide\" role=\"group\" aria-roledescription=\"slide\" aria-label=\"5 de 7\"><figure class=\"swiper-slide-inner\"><img class=\"swiper-slide-image swiper-lazy\" data-src=\"https:\/\/www.maiaimpact.org\/wp-content\/uploads\/2023\/11\/Codesol-logo.png\" alt=\"Codesol-logo\" \/><div class=\"swiper-lazy-preloader\"><\/div><\/figure><\/div><div class=\"swiper-slide\" role=\"group\" aria-roledescription=\"slide\" aria-label=\"6 de 7\"><figure class=\"swiper-slide-inner\"><img class=\"swiper-slide-image swiper-lazy\" data-src=\"https:\/\/www.maiaimpact.org\/wp-content\/uploads\/2023\/11\/cantabria-logo.png\" alt=\"cantabria-logo\" \/><div class=\"swiper-lazy-preloader\"><\/div><\/figure><\/div><div class=\"swiper-slide\" role=\"group\" aria-roledescription=\"slide\" aria-label=\"7 de 7\"><figure class=\"swiper-slide-inner\"><img class=\"swiper-slide-image swiper-lazy\" data-src=\"https:\/\/www.maiaimpact.org\/wp-content\/uploads\/2023\/11\/grupo-gestores-logo.png\" alt=\"grupo-gestores-logo\" \/><div class=\"swiper-lazy-preloader\"><\/div><\/figure><\/div>\t\t\t<\/div>\n\t\t\t\t\t\t\t\t\t\t\t\t<div class=\"elementor-swiper-button elementor-swiper-button-prev\" role=\"button\" tabindex=\"0\">\n\t\t\t\t\t\t<svg aria-hidden=\"true\" class=\"e-font-icon-svg e-eicon-chevron-left\" viewBox=\"0 0 1000 1000\" xmlns=\"http:\/\/www.w3.org\/2000\/svg\"><path d=\"M646 125C629 125 613 133 604 142L308 442C296 454 292 471 292 487 292 504 296 521 308 533L604 854C617 867 629 875 646 875 663 875 679 871 692 858 704 846 713 829 713 812 713 796 708 779 692 767L438 487 692 225C700 217 708 204 708 187 708 171 704 154 692 142 675 129 663 125 646 125Z\"><\/path><\/svg>\t\t\t\t\t<\/div>\n\t\t\t\t\t<div class=\"elementor-swiper-button elementor-swiper-button-next\" role=\"button\" tabindex=\"0\">\n\t\t\t\t\t\t<svg aria-hidden=\"true\" class=\"e-font-icon-svg e-eicon-chevron-right\" viewBox=\"0 0 1000 1000\" xmlns=\"http:\/\/www.w3.org\/2000\/svg\"><path d=\"M696 533C708 521 713 504 713 487 713 471 708 454 696 446L400 146C388 133 375 125 354 125 338 125 325 129 313 142 300 154 292 171 292 187 292 204 296 221 308 233L563 492 304 771C292 783 288 800 288 817 288 833 296 850 308 863 321 871 338 875 354 875 371 875 388 867 400 854L696 533Z\"><\/path><\/svg>\t\t\t\t\t<\/div>\n\t\t\t\t\n\t\t\t\t\t\t\t\t\t<\/div>\n\t\t\t\t\t\t<\/div>\n\t\t\t\t<\/div>\n\t\t\t\t\t<\/div>\n\t\t\t\t<\/div>\n\t\t\t\t<\/div>\n\t\t","protected":false},"excerpt":{"rendered":"<p>INVOL\u00daCRATE Usa tus recursos, tiempo, y voz para apoyar a las J\u00f3venes Pioneras, familias y nuestro equipo.Conoce en est\u00e1 p\u00e1gina c\u00f3mo involucrarte. Alianzas Corporativas Buscamos trabajar con empresas que compartan nuestra visi\u00f3n, que quieran invertir y colaborar para crear un impacto infinito en las J\u00f3venes Pioneras. \u00bfEres una de ellas? EMPECEMOS A TRABAJAR JUNTOS Visita [&hellip;]<\/p>\n","protected":false},"author":1,"featured_media":0,"parent":0,"menu_order":0,"comment_status":"closed","ping_status":"closed","template":"elementor_header_footer","meta":{"footnotes":""},"class_list":["post-2242","page","type-page","status-publish","hentry"],"yoast_head":"<!-- This site is optimized with the Yoast SEO plugin v27.4 - https:\/\/yoast.com\/product\/yoast-seo-wordpress\/ -->\n<title>INVOL\u00daCRATE - MAIA<\/title>\n<meta name=\"robots\" content=\"index, follow, max-snippet:-1, max-image-preview:large, max-video-preview:-1\" \/>\n<link rel=\"canonical\" href=\"https:\/\/www.maiaimpact.org\/es\/get-involve\/\" \/>\n<meta property=\"og:locale\" content=\"es_ES\" \/>\n<meta property=\"og:type\" content=\"article\" \/>\n<meta property=\"og:title\" content=\"INVOL\u00daCRATE - MAIA\" \/>\n<meta property=\"og:description\" content=\"INVOL\u00daCRATE Usa tus recursos, tiempo, y voz para apoyar a las J\u00f3venes Pioneras, familias y nuestro equipo.Conoce en est\u00e1 p\u00e1gina c\u00f3mo involucrarte. Alianzas Corporativas Buscamos trabajar con empresas que compartan nuestra visi\u00f3n, que quieran invertir y colaborar para crear un impacto infinito en las J\u00f3venes Pioneras. \u00bfEres una de ellas? EMPECEMOS A TRABAJAR JUNTOS Visita [&hellip;]\" \/>\n<meta property=\"og:url\" content=\"https:\/\/www.maiaimpact.org\/es\/get-involve\/\" \/>\n<meta property=\"og:site_name\" content=\"MAIA\" \/>\n<meta property=\"article:publisher\" content=\"https:\/\/www.facebook.com\/maiaimpact\" \/>\n<meta property=\"article:modified_time\" content=\"2025-12-04T22:44:50+00:00\" \/>\n<meta property=\"og:image\" content=\"https:\/\/www.maiaimpact.org\/wp-content\/uploads\/2023\/10\/separador.png\" \/>\n<meta name=\"twitter:card\" content=\"summary_large_image\" \/>\n<meta name=\"twitter:label1\" content=\"Tiempo de lectura\" \/>\n\t<meta name=\"twitter:data1\" content=\"5 minutos\" \/>\n<script type=\"application\/ld+json\" class=\"yoast-schema-graph\">{\"@context\":\"https:\\\/\\\/schema.org\",\"@graph\":[{\"@type\":\"WebPage\",\"@id\":\"https:\\\/\\\/www.maiaimpact.org\\\/es\\\/get-involve\\\/\",\"url\":\"https:\\\/\\\/www.maiaimpact.org\\\/es\\\/get-involve\\\/\",\"name\":\"INVOL\u00daCRATE - MAIA\",\"isPartOf\":{\"@id\":\"https:\\\/\\\/www.maiaimpact.org\\\/es\\\/#website\"},\"primaryImageOfPage\":{\"@id\":\"https:\\\/\\\/www.maiaimpact.org\\\/es\\\/get-involve\\\/#primaryimage\"},\"image\":{\"@id\":\"https:\\\/\\\/www.maiaimpact.org\\\/es\\\/get-involve\\\/#primaryimage\"},\"thumbnailUrl\":\"https:\\\/\\\/www.maiaimpact.org\\\/wp-content\\\/uploads\\\/2023\\\/10\\\/separador.png\",\"datePublished\":\"2023-11-03T00:52:23+00:00\",\"dateModified\":\"2025-12-04T22:44:50+00:00\",\"inLanguage\":\"es\",\"potentialAction\":[{\"@type\":\"ReadAction\",\"target\":[\"https:\\\/\\\/www.maiaimpact.org\\\/es\\\/get-involve\\\/\"]}]},{\"@type\":\"ImageObject\",\"inLanguage\":\"es\",\"@id\":\"https:\\\/\\\/www.maiaimpact.org\\\/es\\\/get-involve\\\/#primaryimage\",\"url\":\"https:\\\/\\\/www.maiaimpact.org\\\/wp-content\\\/uploads\\\/2023\\\/10\\\/separador.png\",\"contentUrl\":\"https:\\\/\\\/www.maiaimpact.org\\\/wp-content\\\/uploads\\\/2023\\\/10\\\/separador.png\"},{\"@type\":\"WebSite\",\"@id\":\"https:\\\/\\\/www.maiaimpact.org\\\/es\\\/#website\",\"url\":\"https:\\\/\\\/www.maiaimpact.org\\\/es\\\/\",\"name\":\"MAIA\",\"description\":\"MAIA is a nonprofit organization empowering Indigenous girls in Guatemala through education, leadership, and community development programs.\",\"publisher\":{\"@id\":\"https:\\\/\\\/www.maiaimpact.org\\\/es\\\/#organization\"},\"potentialAction\":[{\"@type\":\"SearchAction\",\"target\":{\"@type\":\"EntryPoint\",\"urlTemplate\":\"https:\\\/\\\/www.maiaimpact.org\\\/es\\\/?s={search_term_string}\"},\"query-input\":{\"@type\":\"PropertyValueSpecification\",\"valueRequired\":true,\"valueName\":\"search_term_string\"}}],\"inLanguage\":\"es\"},{\"@type\":\"Organization\",\"@id\":\"https:\\\/\\\/www.maiaimpact.org\\\/es\\\/#organization\",\"name\":\"MAIA\",\"url\":\"https:\\\/\\\/www.maiaimpact.org\\\/es\\\/\",\"logo\":{\"@type\":\"ImageObject\",\"inLanguage\":\"es\",\"@id\":\"https:\\\/\\\/www.maiaimpact.org\\\/es\\\/#\\\/schema\\\/logo\\\/image\\\/\",\"url\":\"https:\\\/\\\/www.maiaimpact.org\\\/wp-content\\\/uploads\\\/2023\\\/10\\\/maia-logo.png\",\"contentUrl\":\"https:\\\/\\\/www.maiaimpact.org\\\/wp-content\\\/uploads\\\/2023\\\/10\\\/maia-logo.png\",\"width\":128,\"height\":45,\"caption\":\"MAIA\"},\"image\":{\"@id\":\"https:\\\/\\\/www.maiaimpact.org\\\/es\\\/#\\\/schema\\\/logo\\\/image\\\/\"},\"sameAs\":[\"https:\\\/\\\/www.facebook.com\\\/maiaimpact\",\"https:\\\/\\\/www.instagram.com\\\/maia_impact\\\/\",\"https:\\\/\\\/www.youtube.com\\\/@maiaimpact\",\"https:\\\/\\\/www.linkedin.com\\\/company\\\/maiaimpact\\\/\"]}]}<\/script>\n<!-- \/ Yoast SEO plugin. -->","yoast_head_json":{"title":"INVOL\u00daCRATE - MAIA","robots":{"index":"index","follow":"follow","max-snippet":"max-snippet:-1","max-image-preview":"max-image-preview:large","max-video-preview":"max-video-preview:-1"},"canonical":"https:\/\/www.maiaimpact.org\/es\/get-involve\/","og_locale":"es_ES","og_type":"article","og_title":"INVOL\u00daCRATE - MAIA","og_description":"INVOL\u00daCRATE Usa tus recursos, tiempo, y voz para apoyar a las J\u00f3venes Pioneras, familias y nuestro equipo.Conoce en est\u00e1 p\u00e1gina c\u00f3mo involucrarte. Alianzas Corporativas Buscamos trabajar con empresas que compartan nuestra visi\u00f3n, que quieran invertir y colaborar para crear un impacto infinito en las J\u00f3venes Pioneras. \u00bfEres una de ellas? EMPECEMOS A TRABAJAR JUNTOS Visita [&hellip;]","og_url":"https:\/\/www.maiaimpact.org\/es\/get-involve\/","og_site_name":"MAIA","article_publisher":"https:\/\/www.facebook.com\/maiaimpact","article_modified_time":"2025-12-04T22:44:50+00:00","og_image":[{"url":"https:\/\/www.maiaimpact.org\/wp-content\/uploads\/2023\/10\/separador.png","type":"","width":"","height":""}],"twitter_card":"summary_large_image","twitter_misc":{"Tiempo de lectura":"5 minutos"},"schema":{"@context":"https:\/\/schema.org","@graph":[{"@type":"WebPage","@id":"https:\/\/www.maiaimpact.org\/es\/get-involve\/","url":"https:\/\/www.maiaimpact.org\/es\/get-involve\/","name":"INVOL\u00daCRATE - MAIA","isPartOf":{"@id":"https:\/\/www.maiaimpact.org\/es\/#website"},"primaryImageOfPage":{"@id":"https:\/\/www.maiaimpact.org\/es\/get-involve\/#primaryimage"},"image":{"@id":"https:\/\/www.maiaimpact.org\/es\/get-involve\/#primaryimage"},"thumbnailUrl":"https:\/\/www.maiaimpact.org\/wp-content\/uploads\/2023\/10\/separador.png","datePublished":"2023-11-03T00:52:23+00:00","dateModified":"2025-12-04T22:44:50+00:00","inLanguage":"es","potentialAction":[{"@type":"ReadAction","target":["https:\/\/www.maiaimpact.org\/es\/get-involve\/"]}]},{"@type":"ImageObject","inLanguage":"es","@id":"https:\/\/www.maiaimpact.org\/es\/get-involve\/#primaryimage","url":"https:\/\/www.maiaimpact.org\/wp-content\/uploads\/2023\/10\/separador.png","contentUrl":"https:\/\/www.maiaimpact.org\/wp-content\/uploads\/2023\/10\/separador.png"},{"@type":"WebSite","@id":"https:\/\/www.maiaimpact.org\/es\/#website","url":"https:\/\/www.maiaimpact.org\/es\/","name":"MAIA","description":"MAIA is a nonprofit organization empowering Indigenous girls in Guatemala through education, leadership, and community development programs.","publisher":{"@id":"https:\/\/www.maiaimpact.org\/es\/#organization"},"potentialAction":[{"@type":"SearchAction","target":{"@type":"EntryPoint","urlTemplate":"https:\/\/www.maiaimpact.org\/es\/?s={search_term_string}"},"query-input":{"@type":"PropertyValueSpecification","valueRequired":true,"valueName":"search_term_string"}}],"inLanguage":"es"},{"@type":"Organization","@id":"https:\/\/www.maiaimpact.org\/es\/#organization","name":"MAIA","url":"https:\/\/www.maiaimpact.org\/es\/","logo":{"@type":"ImageObject","inLanguage":"es","@id":"https:\/\/www.maiaimpact.org\/es\/#\/schema\/logo\/image\/","url":"https:\/\/www.maiaimpact.org\/wp-content\/uploads\/2023\/10\/maia-logo.png","contentUrl":"https:\/\/www.maiaimpact.org\/wp-content\/uploads\/2023\/10\/maia-logo.png","width":128,"height":45,"caption":"MAIA"},"image":{"@id":"https:\/\/www.maiaimpact.org\/es\/#\/schema\/logo\/image\/"},"sameAs":["https:\/\/www.facebook.com\/maiaimpact","https:\/\/www.instagram.com\/maia_impact\/","https:\/\/www.youtube.com\/@maiaimpact","https:\/\/www.linkedin.com\/company\/maiaimpact\/"]}]}},"_links":{"self":[{"href":"https:\/\/www.maiaimpact.org\/es\/wp-json\/wp\/v2\/pages\/2242","targetHints":{"allow":["GET"]}}],"collection":[{"href":"https:\/\/www.maiaimpact.org\/es\/wp-json\/wp\/v2\/pages"}],"about":[{"href":"https:\/\/www.maiaimpact.org\/es\/wp-json\/wp\/v2\/types\/page"}],"author":[{"embeddable":true,"href":"https:\/\/www.maiaimpact.org\/es\/wp-json\/wp\/v2\/users\/1"}],"replies":[{"embeddable":true,"href":"https:\/\/www.maiaimpact.org\/es\/wp-json\/wp\/v2\/comments?post=2242"}],"version-history":[{"count":29,"href":"https:\/\/www.maiaimpact.org\/es\/wp-json\/wp\/v2\/pages\/2242\/revisions"}],"predecessor-version":[{"id":9280,"href":"https:\/\/www.maiaimpact.org\/es\/wp-json\/wp\/v2\/pages\/2242\/revisions\/9280"}],"wp:attachment":[{"href":"https:\/\/www.maiaimpact.org\/es\/wp-json\/wp\/v2\/media?parent=2242"}],"curies":[{"name":"wp","href":"https:\/\/api.w.org\/{rel}","templated":true}]}}