{"id":2236,"date":"2023-11-07T19:15:51","date_gmt":"2023-11-07T19:15:51","guid":{"rendered":"https:\/\/www.maiaimpact.org\/girls-pioneers-voice\/"},"modified":"2024-01-29T20:23:06","modified_gmt":"2024-01-29T20:23:06","slug":"voces-jovenes-pioneras","status":"publish","type":"page","link":"https:\/\/www.maiaimpact.org\/es\/voces-jovenes-pioneras\/","title":{"rendered":"Las voces de las J\u00f3venes Pioneras"},"content":{"rendered":"\t\t<div data-elementor-type=\"wp-page\" data-elementor-id=\"2236\" class=\"elementor elementor-2236 elementor-669\" data-elementor-post-type=\"page\">\n\t\t\t\t<div class=\"elementor-element elementor-element-06afda7 e-con-full e-flex e-con e-parent\" data-id=\"06afda7\" data-element_type=\"container\" data-e-type=\"container\">\n\t\t\t\t<div class=\"elementor-element elementor-element-62d754e elementor-widget__width-initial elementor-widget-mobile__width-inherit elementor-widget elementor-widget-heading\" data-id=\"62d754e\" data-element_type=\"widget\" data-e-type=\"widget\" data-widget_type=\"heading.default\">\n\t\t\t\t<div class=\"elementor-widget-container\">\n\t\t\t\t\t<h1 class=\"elementor-heading-title elementor-size-default\">VOCES DE LAS J\u00d3VENES PIONERAS<\/h1>\t\t\t\t<\/div>\n\t\t\t\t<\/div>\n\t\t\t\t<\/div>\n\t\t<div class=\"elementor-element elementor-element-f4c8e1c e-flex e-con-boxed e-con e-parent\" data-id=\"f4c8e1c\" data-element_type=\"container\" data-e-type=\"container\">\n\t\t\t\t\t<div class=\"e-con-inner\">\n\t\t\t\t<div class=\"elementor-element elementor-element-1a21705 elementor-widget elementor-widget-text-editor\" data-id=\"1a21705\" data-element_type=\"widget\" data-e-type=\"widget\" data-widget_type=\"text-editor.default\">\n\t\t\t\t<div class=\"elementor-widget-container\">\n\t\t\t\t\t\t\t\t\t<p>Las J\u00f3venes Pioneras usan sus voces empoderadas. Te invitamos a escuchar, leer y ver.<\/p>\t\t\t\t\t\t\t\t<\/div>\n\t\t\t\t<\/div>\n\t\t<div class=\"elementor-element elementor-element-636b991 e-con-full e-flex e-con e-child\" data-id=\"636b991\" data-element_type=\"container\" data-e-type=\"container\">\n\t\t\t\t<div class=\"elementor-element elementor-element-96b185d elementor-widget__width-initial elementor-widget elementor-widget-image\" data-id=\"96b185d\" data-element_type=\"widget\" data-e-type=\"widget\" data-widget_type=\"image.default\">\n\t\t\t\t<div class=\"elementor-widget-container\">\n\t\t\t\t\t\t\t\t\t\t\t\t\t\t\t<img decoding=\"async\" width=\"1728\" height=\"20\" src=\"https:\/\/www.maiaimpact.org\/wp-content\/uploads\/2023\/10\/separador.png\" class=\"attachment-full size-full wp-image-117\" alt=\"\" srcset=\"https:\/\/www.maiaimpact.org\/wp-content\/uploads\/2023\/10\/separador.png 1728w, https:\/\/www.maiaimpact.org\/wp-content\/uploads\/2023\/10\/separador-300x3.png 300w, https:\/\/www.maiaimpact.org\/wp-content\/uploads\/2023\/10\/separador-1024x12.png 1024w, https:\/\/www.maiaimpact.org\/wp-content\/uploads\/2023\/10\/separador-768x9.png 768w, https:\/\/www.maiaimpact.org\/wp-content\/uploads\/2023\/10\/separador-1536x18.png 1536w\" sizes=\"(max-width: 1728px) 100vw, 1728px\" \/>\t\t\t\t\t\t\t\t\t\t\t\t\t\t\t<\/div>\n\t\t\t\t<\/div>\n\t\t\t\t<\/div>\n\t\t<div class=\"elementor-element elementor-element-d6d8193 e-flex e-con-boxed e-con e-child\" data-id=\"d6d8193\" data-element_type=\"container\" data-e-type=\"container\">\n\t\t\t\t\t<div class=\"e-con-inner\">\n\t\t\t\t<div class=\"elementor-element elementor-element-772acb7 elementor-widget__width-initial elementor-widget elementor-widget-heading\" data-id=\"772acb7\" data-element_type=\"widget\" data-e-type=\"widget\" data-widget_type=\"heading.default\">\n\t\t\t\t<div class=\"elementor-widget-container\">\n\t\t\t\t\t<h2 class=\"elementor-heading-title elementor-size-default\">Tzijonem - voces de cambio<\/h2>\t\t\t\t<\/div>\n\t\t\t\t<\/div>\n\t\t\t\t<div class=\"elementor-element elementor-element-0649e54 elementor-widget__width-initial elementor-widget elementor-widget-text-editor\" data-id=\"0649e54\" data-element_type=\"widget\" data-e-type=\"widget\" data-widget_type=\"text-editor.default\">\n\t\t\t\t<div class=\"elementor-widget-container\">\n\t\t\t\t\t\t\t\t\t<p>\u00abTzijonem significa \u201cconversemos\u201d en Kaqchikel y es un espacio en donde las J\u00f3venes Pioneras tienen la oportunidad de interactuar con l\u00edderes que est\u00e1n generando un impacto en diversas \u00e1reas. Adem\u00e1s, hacen uso de las competencias de MAIA como voz empoderada, innovaci\u00f3n y pensamiento cr\u00edtico. Los conversatorios Tzijonem son espacios de interacci\u00f3n entre J\u00f3venes Pioneras y agentes de cambio d\u00f3nde comparten sus conocimientos y descubren juntos las diferentes trayectorias hacia el \u00e9xito. Te invitamos a ver nuestros Tzijonems:<\/p>\t\t\t\t\t\t\t\t<\/div>\n\t\t\t\t<\/div>\n\t\t\t\t\t<\/div>\n\t\t\t\t<\/div>\n\t\t<div class=\"elementor-element elementor-element-b562e4f e-con-full e-flex e-con e-child\" data-id=\"b562e4f\" data-element_type=\"container\" data-e-type=\"container\">\n\t\t\t\t<\/div>\n\t\t\t\t\t<\/div>\n\t\t\t\t<\/div>\n\t\t<div class=\"elementor-element elementor-element-924de14 e-flex e-con-boxed e-con e-parent\" data-id=\"924de14\" data-element_type=\"container\" data-e-type=\"container\">\n\t\t\t\t\t<div class=\"e-con-inner\">\n\t\t\t\t<div class=\"elementor-element elementor-element-a9bb828 elementor-widget elementor-widget-heading\" data-id=\"a9bb828\" data-element_type=\"widget\" data-e-type=\"widget\" data-widget_type=\"heading.default\">\n\t\t\t\t<div class=\"elementor-widget-container\">\n\t\t\t\t\t<h2 class=\"elementor-heading-title elementor-size-default\">Mira todos los episodios aqu\u00ed:<\/h2>\t\t\t\t<\/div>\n\t\t\t\t<\/div>\n\t\t<div class=\"elementor-element elementor-element-e86d21c e-flex e-con-boxed e-con e-child\" data-id=\"e86d21c\" data-element_type=\"container\" data-e-type=\"container\">\n\t\t\t\t\t<div class=\"e-con-inner\">\n\t\t\t\t<div class=\"elementor-element elementor-element-2f86b7f elementor-align-center elementor-widget elementor-widget-button\" data-id=\"2f86b7f\" data-element_type=\"widget\" data-e-type=\"widget\" data-widget_type=\"button.default\">\n\t\t\t\t<div class=\"elementor-widget-container\">\n\t\t\t\t\t\t\t\t\t<div class=\"elementor-button-wrapper\">\n\t\t\t\t\t<a class=\"elementor-button elementor-button-link elementor-size-sm\" href=\"https:\/\/www.youtube.com\/watch?v=Zj7wP6rG3ug&#038;list=PLlcN697ryjRLMJJ7lfwTMsK10YUfI2XWF\">\n\t\t\t\t\t\t<span class=\"elementor-button-content-wrapper\">\n\t\t\t\t\t\t\t\t\t<span class=\"elementor-button-text\">Todos los episodios<\/span>\n\t\t\t\t\t<\/span>\n\t\t\t\t\t<\/a>\n\t\t\t\t<\/div>\n\t\t\t\t\t\t\t\t<\/div>\n\t\t\t\t<\/div>\n\t\t\t\t<div class=\"elementor-element elementor-element-e538efb elementor-widget__width-initial elementor-widget elementor-widget-image\" data-id=\"e538efb\" data-element_type=\"widget\" data-e-type=\"widget\" data-widget_type=\"image.default\">\n\t\t\t\t<div class=\"elementor-widget-container\">\n\t\t\t\t\t\t\t\t\t\t\t\t\t\t\t<img decoding=\"async\" width=\"1728\" height=\"20\" src=\"https:\/\/www.maiaimpact.org\/wp-content\/uploads\/2023\/10\/separador.png\" class=\"attachment-full size-full wp-image-117\" alt=\"\" srcset=\"https:\/\/www.maiaimpact.org\/wp-content\/uploads\/2023\/10\/separador.png 1728w, https:\/\/www.maiaimpact.org\/wp-content\/uploads\/2023\/10\/separador-300x3.png 300w, https:\/\/www.maiaimpact.org\/wp-content\/uploads\/2023\/10\/separador-1024x12.png 1024w, https:\/\/www.maiaimpact.org\/wp-content\/uploads\/2023\/10\/separador-768x9.png 768w, https:\/\/www.maiaimpact.org\/wp-content\/uploads\/2023\/10\/separador-1536x18.png 1536w\" sizes=\"(max-width: 1728px) 100vw, 1728px\" \/>\t\t\t\t\t\t\t\t\t\t\t\t\t\t\t<\/div>\n\t\t\t\t<\/div>\n\t\t\t\t<div class=\"elementor-element elementor-element-d365666 elementor-widget elementor-widget-spacer\" data-id=\"d365666\" data-element_type=\"widget\" data-e-type=\"widget\" data-widget_type=\"spacer.default\">\n\t\t\t\t<div class=\"elementor-widget-container\">\n\t\t\t\t\t\t\t<div class=\"elementor-spacer\">\n\t\t\t<div class=\"elementor-spacer-inner\"><\/div>\n\t\t<\/div>\n\t\t\t\t\t\t<\/div>\n\t\t\t\t<\/div>\n\t\t\t\t\t<\/div>\n\t\t\t\t<\/div>\n\t\t\t\t\t<\/div>\n\t\t\t\t<\/div>\n\t\t<div class=\"elementor-element elementor-element-673cd1c e-flex e-con-boxed e-con e-parent\" data-id=\"673cd1c\" data-element_type=\"container\" data-e-type=\"container\" data-settings=\"{&quot;background_background&quot;:&quot;classic&quot;}\">\n\t\t\t\t\t<div class=\"e-con-inner\">\n\t\t\t\t<div class=\"elementor-element elementor-element-e6ed20b elementor-widget elementor-widget-heading\" data-id=\"e6ed20b\" data-element_type=\"widget\" data-e-type=\"widget\" data-widget_type=\"heading.default\">\n\t\t\t\t<div class=\"elementor-widget-container\">\n\t\t\t\t\t<h2 class=\"elementor-heading-title elementor-size-default\">Podcasts y c\u00e1psulas de radio<\/h2>\t\t\t\t<\/div>\n\t\t\t\t<\/div>\n\t\t<div class=\"elementor-element elementor-element-9b32f29 e-flex e-con-boxed e-con e-child\" data-id=\"9b32f29\" data-element_type=\"container\" data-e-type=\"container\">\n\t\t\t\t\t<div class=\"e-con-inner\">\n\t\t<div class=\"elementor-element elementor-element-a060c18 e-con-full e-flex e-con e-child\" data-id=\"a060c18\" data-element_type=\"container\" data-e-type=\"container\">\n\t\t\t\t<div class=\"elementor-element elementor-element-54c282e elementor-widget elementor-widget-image\" data-id=\"54c282e\" data-element_type=\"widget\" data-e-type=\"widget\" data-widget_type=\"image.default\">\n\t\t\t\t<div class=\"elementor-widget-container\">\n\t\t\t\t\t\t\t\t\t\t\t\t\t\t\t<img decoding=\"async\" width=\"136\" height=\"134\" src=\"https:\/\/www.maiaimpact.org\/wp-content\/uploads\/2023\/11\/podcast-maia-img.png\" class=\"attachment-large size-large wp-image-685\" alt=\"\" \/>\t\t\t\t\t\t\t\t\t\t\t\t\t\t\t<\/div>\n\t\t\t\t<\/div>\n\t\t\t\t<div class=\"elementor-element elementor-element-fdcbe31 elementor-align-center elementor-widget elementor-widget-button\" data-id=\"fdcbe31\" data-element_type=\"widget\" data-e-type=\"widget\" data-widget_type=\"button.default\">\n\t\t\t\t<div class=\"elementor-widget-container\">\n\t\t\t\t\t\t\t\t\t<div class=\"elementor-button-wrapper\">\n\t\t\t\t\t<a class=\"elementor-button elementor-button-link elementor-size-sm\" href=\"https:\/\/open.spotify.com\/show\/7F6rXpGA6NKg4V0Kb6vEAC\">\n\t\t\t\t\t\t<span class=\"elementor-button-content-wrapper\">\n\t\t\t\t\t\t\t\t\t<span class=\"elementor-button-text\">SPOTIFY PODCAST <\/span>\n\t\t\t\t\t<\/span>\n\t\t\t\t\t<\/a>\n\t\t\t\t<\/div>\n\t\t\t\t\t\t\t\t<\/div>\n\t\t\t\t<\/div>\n\t\t\t\t<div class=\"elementor-element elementor-element-e44e7aa elementor-align-center elementor-widget elementor-widget-button\" data-id=\"e44e7aa\" data-element_type=\"widget\" data-e-type=\"widget\" data-widget_type=\"button.default\">\n\t\t\t\t<div class=\"elementor-widget-container\">\n\t\t\t\t\t\t\t\t\t<div class=\"elementor-button-wrapper\">\n\t\t\t\t\t<a class=\"elementor-button elementor-button-link elementor-size-sm\" href=\"https:\/\/podcasts.apple.com\/us\/podcast\/la-voz-de-maia\/id1463425785\">\n\t\t\t\t\t\t<span class=\"elementor-button-content-wrapper\">\n\t\t\t\t\t\t\t\t\t<span class=\"elementor-button-text\">  APPLE PODCAST  <\/span>\n\t\t\t\t\t<\/span>\n\t\t\t\t\t<\/a>\n\t\t\t\t<\/div>\n\t\t\t\t\t\t\t\t<\/div>\n\t\t\t\t<\/div>\n\t\t\t\t<\/div>\n\t\t<div class=\"elementor-element elementor-element-cd75ebe e-con-full e-flex e-con e-child\" data-id=\"cd75ebe\" data-element_type=\"container\" data-e-type=\"container\">\n\t\t\t\t<div class=\"elementor-element elementor-element-73925ae elementor-widget elementor-widget-heading\" data-id=\"73925ae\" data-element_type=\"widget\" data-e-type=\"widget\" data-widget_type=\"heading.default\">\n\t\t\t\t<div class=\"elementor-widget-container\">\n\t\t\t\t\t<h2 class=\"elementor-heading-title elementor-size-default\">CONVERSACIONES PODEROSAS<\/h2>\t\t\t\t<\/div>\n\t\t\t\t<\/div>\n\t\t\t\t<div class=\"elementor-element elementor-element-bed5f19 elementor-widget elementor-widget-text-editor\" data-id=\"bed5f19\" data-element_type=\"widget\" data-e-type=\"widget\" data-widget_type=\"text-editor.default\">\n\t\t\t\t<div class=\"elementor-widget-container\">\n\t\t\t\t\t\t\t\t\t<p>Las J\u00f3venes Pioneras est\u00e1n usando una variedad de plataformas para generar cambios. Te invitamos a escuchar, leer, mirar e interactuar con otros proyectos audiovisuales en d\u00f3nde las J\u00f3venes Pioneras est\u00e1n usando sus voces y generando conversaciones poderosas<\/p>\t\t\t\t\t\t\t\t<\/div>\n\t\t\t\t<\/div>\n\t\t\t\t<div class=\"elementor-element elementor-element-9126b99 elementor-align-center elementor-widget elementor-widget-button\" data-id=\"9126b99\" data-element_type=\"widget\" data-e-type=\"widget\" data-widget_type=\"button.default\">\n\t\t\t\t<div class=\"elementor-widget-container\">\n\t\t\t\t\t\t\t\t\t<div class=\"elementor-button-wrapper\">\n\t\t\t\t\t<a class=\"elementor-button elementor-button-link elementor-size-sm\" href=\"https:\/\/www.youtube.com\/@maiaimpactoinfinito\">\n\t\t\t\t\t\t<span class=\"elementor-button-content-wrapper\">\n\t\t\t\t\t\t\t\t\t<span class=\"elementor-button-text\">CANAL DE YOUTUBE <\/span>\n\t\t\t\t\t<\/span>\n\t\t\t\t\t<\/a>\n\t\t\t\t<\/div>\n\t\t\t\t\t\t\t\t<\/div>\n\t\t\t\t<\/div>\n\t\t\t\t<\/div>\n\t\t\t\t\t<\/div>\n\t\t\t\t<\/div>\n\t\t\t\t\t<\/div>\n\t\t\t\t<\/div>\n\t\t\t\t<\/div>\n\t\t","protected":false},"excerpt":{"rendered":"<p>VOCES DE LAS J\u00d3VENES PIONERAS Las J\u00f3venes Pioneras usan sus voces empoderadas. Te invitamos a escuchar, leer y ver. Tzijonem &#8211; voces de cambio \u00abTzijonem significa \u201cconversemos\u201d en Kaqchikel y es un espacio en donde las J\u00f3venes Pioneras tienen la oportunidad de interactuar con l\u00edderes que est\u00e1n generando un impacto en diversas \u00e1reas. Adem\u00e1s, hacen [&hellip;]<\/p>\n","protected":false},"author":1,"featured_media":0,"parent":0,"menu_order":0,"comment_status":"closed","ping_status":"closed","template":"elementor_header_footer","meta":{"footnotes":""},"class_list":["post-2236","page","type-page","status-publish","hentry"],"yoast_head":"<!-- This site is optimized with the Yoast SEO plugin v27.4 - https:\/\/yoast.com\/product\/yoast-seo-wordpress\/ -->\n<title>Las voces de las J\u00f3venes Pioneras - MAIA<\/title>\n<meta name=\"robots\" content=\"index, follow, max-snippet:-1, max-image-preview:large, max-video-preview:-1\" \/>\n<link rel=\"canonical\" href=\"https:\/\/www.maiaimpact.org\/es\/voces-jovenes-pioneras\/\" \/>\n<meta property=\"og:locale\" content=\"es_ES\" \/>\n<meta property=\"og:type\" content=\"article\" \/>\n<meta property=\"og:title\" content=\"Las voces de las J\u00f3venes Pioneras - MAIA\" \/>\n<meta property=\"og:description\" content=\"VOCES DE LAS J\u00d3VENES PIONERAS Las J\u00f3venes Pioneras usan sus voces empoderadas. Te invitamos a escuchar, leer y ver. Tzijonem &#8211; voces de cambio \u00abTzijonem significa \u201cconversemos\u201d en Kaqchikel y es un espacio en donde las J\u00f3venes Pioneras tienen la oportunidad de interactuar con l\u00edderes que est\u00e1n generando un impacto en diversas \u00e1reas. Adem\u00e1s, hacen [&hellip;]\" \/>\n<meta property=\"og:url\" content=\"https:\/\/www.maiaimpact.org\/es\/voces-jovenes-pioneras\/\" \/>\n<meta property=\"og:site_name\" content=\"MAIA\" \/>\n<meta property=\"article:publisher\" content=\"https:\/\/www.facebook.com\/maiaimpact\" \/>\n<meta property=\"article:modified_time\" content=\"2024-01-29T20:23:06+00:00\" \/>\n<meta property=\"og:image\" content=\"https:\/\/www.maiaimpact.org\/wp-content\/uploads\/2023\/10\/separador.png\" \/>\n<meta name=\"twitter:card\" content=\"summary_large_image\" \/>\n<meta name=\"twitter:label1\" content=\"Tiempo de lectura\" \/>\n\t<meta name=\"twitter:data1\" content=\"2 minutos\" \/>\n<script type=\"application\/ld+json\" class=\"yoast-schema-graph\">{\"@context\":\"https:\\\/\\\/schema.org\",\"@graph\":[{\"@type\":\"WebPage\",\"@id\":\"https:\\\/\\\/www.maiaimpact.org\\\/es\\\/voces-jovenes-pioneras\\\/\",\"url\":\"https:\\\/\\\/www.maiaimpact.org\\\/es\\\/voces-jovenes-pioneras\\\/\",\"name\":\"Las voces de las J\u00f3venes Pioneras - MAIA\",\"isPartOf\":{\"@id\":\"https:\\\/\\\/www.maiaimpact.org\\\/es\\\/#website\"},\"primaryImageOfPage\":{\"@id\":\"https:\\\/\\\/www.maiaimpact.org\\\/es\\\/voces-jovenes-pioneras\\\/#primaryimage\"},\"image\":{\"@id\":\"https:\\\/\\\/www.maiaimpact.org\\\/es\\\/voces-jovenes-pioneras\\\/#primaryimage\"},\"thumbnailUrl\":\"https:\\\/\\\/www.maiaimpact.org\\\/wp-content\\\/uploads\\\/2023\\\/10\\\/separador.png\",\"datePublished\":\"2023-11-07T19:15:51+00:00\",\"dateModified\":\"2024-01-29T20:23:06+00:00\",\"inLanguage\":\"es\",\"potentialAction\":[{\"@type\":\"ReadAction\",\"target\":[\"https:\\\/\\\/www.maiaimpact.org\\\/es\\\/voces-jovenes-pioneras\\\/\"]}]},{\"@type\":\"ImageObject\",\"inLanguage\":\"es\",\"@id\":\"https:\\\/\\\/www.maiaimpact.org\\\/es\\\/voces-jovenes-pioneras\\\/#primaryimage\",\"url\":\"https:\\\/\\\/www.maiaimpact.org\\\/wp-content\\\/uploads\\\/2023\\\/10\\\/separador.png\",\"contentUrl\":\"https:\\\/\\\/www.maiaimpact.org\\\/wp-content\\\/uploads\\\/2023\\\/10\\\/separador.png\"},{\"@type\":\"WebSite\",\"@id\":\"https:\\\/\\\/www.maiaimpact.org\\\/es\\\/#website\",\"url\":\"https:\\\/\\\/www.maiaimpact.org\\\/es\\\/\",\"name\":\"MAIA\",\"description\":\"MAIA is a nonprofit organization empowering Indigenous girls in Guatemala through education, leadership, and community development programs.\",\"publisher\":{\"@id\":\"https:\\\/\\\/www.maiaimpact.org\\\/es\\\/#organization\"},\"potentialAction\":[{\"@type\":\"SearchAction\",\"target\":{\"@type\":\"EntryPoint\",\"urlTemplate\":\"https:\\\/\\\/www.maiaimpact.org\\\/es\\\/?s={search_term_string}\"},\"query-input\":{\"@type\":\"PropertyValueSpecification\",\"valueRequired\":true,\"valueName\":\"search_term_string\"}}],\"inLanguage\":\"es\"},{\"@type\":\"Organization\",\"@id\":\"https:\\\/\\\/www.maiaimpact.org\\\/es\\\/#organization\",\"name\":\"MAIA\",\"url\":\"https:\\\/\\\/www.maiaimpact.org\\\/es\\\/\",\"logo\":{\"@type\":\"ImageObject\",\"inLanguage\":\"es\",\"@id\":\"https:\\\/\\\/www.maiaimpact.org\\\/es\\\/#\\\/schema\\\/logo\\\/image\\\/\",\"url\":\"https:\\\/\\\/www.maiaimpact.org\\\/wp-content\\\/uploads\\\/2023\\\/10\\\/maia-logo.png\",\"contentUrl\":\"https:\\\/\\\/www.maiaimpact.org\\\/wp-content\\\/uploads\\\/2023\\\/10\\\/maia-logo.png\",\"width\":128,\"height\":45,\"caption\":\"MAIA\"},\"image\":{\"@id\":\"https:\\\/\\\/www.maiaimpact.org\\\/es\\\/#\\\/schema\\\/logo\\\/image\\\/\"},\"sameAs\":[\"https:\\\/\\\/www.facebook.com\\\/maiaimpact\",\"https:\\\/\\\/www.instagram.com\\\/maia_impact\\\/\",\"https:\\\/\\\/www.youtube.com\\\/@maiaimpact\",\"https:\\\/\\\/www.linkedin.com\\\/company\\\/maiaimpact\\\/\"]}]}<\/script>\n<!-- \/ Yoast SEO plugin. -->","yoast_head_json":{"title":"Las voces de las J\u00f3venes Pioneras - MAIA","robots":{"index":"index","follow":"follow","max-snippet":"max-snippet:-1","max-image-preview":"max-image-preview:large","max-video-preview":"max-video-preview:-1"},"canonical":"https:\/\/www.maiaimpact.org\/es\/voces-jovenes-pioneras\/","og_locale":"es_ES","og_type":"article","og_title":"Las voces de las J\u00f3venes Pioneras - MAIA","og_description":"VOCES DE LAS J\u00d3VENES PIONERAS Las J\u00f3venes Pioneras usan sus voces empoderadas. Te invitamos a escuchar, leer y ver. Tzijonem &#8211; voces de cambio \u00abTzijonem significa \u201cconversemos\u201d en Kaqchikel y es un espacio en donde las J\u00f3venes Pioneras tienen la oportunidad de interactuar con l\u00edderes que est\u00e1n generando un impacto en diversas \u00e1reas. Adem\u00e1s, hacen [&hellip;]","og_url":"https:\/\/www.maiaimpact.org\/es\/voces-jovenes-pioneras\/","og_site_name":"MAIA","article_publisher":"https:\/\/www.facebook.com\/maiaimpact","article_modified_time":"2024-01-29T20:23:06+00:00","og_image":[{"url":"https:\/\/www.maiaimpact.org\/wp-content\/uploads\/2023\/10\/separador.png","type":"","width":"","height":""}],"twitter_card":"summary_large_image","twitter_misc":{"Tiempo de lectura":"2 minutos"},"schema":{"@context":"https:\/\/schema.org","@graph":[{"@type":"WebPage","@id":"https:\/\/www.maiaimpact.org\/es\/voces-jovenes-pioneras\/","url":"https:\/\/www.maiaimpact.org\/es\/voces-jovenes-pioneras\/","name":"Las voces de las J\u00f3venes Pioneras - MAIA","isPartOf":{"@id":"https:\/\/www.maiaimpact.org\/es\/#website"},"primaryImageOfPage":{"@id":"https:\/\/www.maiaimpact.org\/es\/voces-jovenes-pioneras\/#primaryimage"},"image":{"@id":"https:\/\/www.maiaimpact.org\/es\/voces-jovenes-pioneras\/#primaryimage"},"thumbnailUrl":"https:\/\/www.maiaimpact.org\/wp-content\/uploads\/2023\/10\/separador.png","datePublished":"2023-11-07T19:15:51+00:00","dateModified":"2024-01-29T20:23:06+00:00","inLanguage":"es","potentialAction":[{"@type":"ReadAction","target":["https:\/\/www.maiaimpact.org\/es\/voces-jovenes-pioneras\/"]}]},{"@type":"ImageObject","inLanguage":"es","@id":"https:\/\/www.maiaimpact.org\/es\/voces-jovenes-pioneras\/#primaryimage","url":"https:\/\/www.maiaimpact.org\/wp-content\/uploads\/2023\/10\/separador.png","contentUrl":"https:\/\/www.maiaimpact.org\/wp-content\/uploads\/2023\/10\/separador.png"},{"@type":"WebSite","@id":"https:\/\/www.maiaimpact.org\/es\/#website","url":"https:\/\/www.maiaimpact.org\/es\/","name":"MAIA","description":"MAIA is a nonprofit organization empowering Indigenous girls in Guatemala through education, leadership, and community development programs.","publisher":{"@id":"https:\/\/www.maiaimpact.org\/es\/#organization"},"potentialAction":[{"@type":"SearchAction","target":{"@type":"EntryPoint","urlTemplate":"https:\/\/www.maiaimpact.org\/es\/?s={search_term_string}"},"query-input":{"@type":"PropertyValueSpecification","valueRequired":true,"valueName":"search_term_string"}}],"inLanguage":"es"},{"@type":"Organization","@id":"https:\/\/www.maiaimpact.org\/es\/#organization","name":"MAIA","url":"https:\/\/www.maiaimpact.org\/es\/","logo":{"@type":"ImageObject","inLanguage":"es","@id":"https:\/\/www.maiaimpact.org\/es\/#\/schema\/logo\/image\/","url":"https:\/\/www.maiaimpact.org\/wp-content\/uploads\/2023\/10\/maia-logo.png","contentUrl":"https:\/\/www.maiaimpact.org\/wp-content\/uploads\/2023\/10\/maia-logo.png","width":128,"height":45,"caption":"MAIA"},"image":{"@id":"https:\/\/www.maiaimpact.org\/es\/#\/schema\/logo\/image\/"},"sameAs":["https:\/\/www.facebook.com\/maiaimpact","https:\/\/www.instagram.com\/maia_impact\/","https:\/\/www.youtube.com\/@maiaimpact","https:\/\/www.linkedin.com\/company\/maiaimpact\/"]}]}},"_links":{"self":[{"href":"https:\/\/www.maiaimpact.org\/es\/wp-json\/wp\/v2\/pages\/2236","targetHints":{"allow":["GET"]}}],"collection":[{"href":"https:\/\/www.maiaimpact.org\/es\/wp-json\/wp\/v2\/pages"}],"about":[{"href":"https:\/\/www.maiaimpact.org\/es\/wp-json\/wp\/v2\/types\/page"}],"author":[{"embeddable":true,"href":"https:\/\/www.maiaimpact.org\/es\/wp-json\/wp\/v2\/users\/1"}],"replies":[{"embeddable":true,"href":"https:\/\/www.maiaimpact.org\/es\/wp-json\/wp\/v2\/comments?post=2236"}],"version-history":[{"count":37,"href":"https:\/\/www.maiaimpact.org\/es\/wp-json\/wp\/v2\/pages\/2236\/revisions"}],"predecessor-version":[{"id":4468,"href":"https:\/\/www.maiaimpact.org\/es\/wp-json\/wp\/v2\/pages\/2236\/revisions\/4468"}],"wp:attachment":[{"href":"https:\/\/www.maiaimpact.org\/es\/wp-json\/wp\/v2\/media?parent=2236"}],"curies":[{"name":"wp","href":"https:\/\/api.w.org\/{rel}","templated":true}]}}